{"id":2159,"date":"2024-06-25T15:36:54","date_gmt":"2024-06-25T13:36:54","guid":{"rendered":"https:\/\/www.bepindeeto.it\/index.php\/still-wines\/fae-passito-bianco\/"},"modified":"2025-03-28T10:23:24","modified_gmt":"2025-03-28T09:23:24","slug":"fae-passito-bianco","status":"publish","type":"page","link":"https:\/\/www.bepindeeto.it\/en\/still-wines\/fae-passito-bianco\/","title":{"rendered":"Fa\u00e8 Passito Bianco"},"content":{"rendered":"<p>[et_pb_section fb_built=&#8221;1&#8243; _builder_version=&#8221;4.27.0&#8243; _module_preset=&#8221;default&#8221; background_enable_color=&#8221;off&#8221; background_image=&#8221;https:\/\/www.bepindeeto.it\/wp-content\/uploads\/2024\/06\/Bepin-De-Eto-cover-vini-fermi-fae-passito-bianco-veneto-igt-jpg.avif&#8221; background_enable_video_mp4=&#8221;off&#8221; height=&#8221;100vh&#8221; height_tablet=&#8221;60vh&#8221; height_phone=&#8221;75vh&#8221; height_last_edited=&#8221;on|phone&#8221; custom_margin=&#8221;||||true|false&#8221; custom_padding=&#8221;||||true|false&#8221; locked=&#8221;off&#8221; collapsed=&#8221;off&#8221; global_colors_info=&#8221;{}&#8221;][\/et_pb_section][et_pb_section fb_built=&#8221;1&#8243; _builder_version=&#8221;4.25.0&#8243; _module_preset=&#8221;default&#8221; background_color=&#8221;#f7f7f7&#8243; custom_margin=&#8221;||||false|false&#8221; custom_padding=&#8221;0px||||false|false&#8221; global_colors_info=&#8221;{}&#8221;][et_pb_row _builder_version=&#8221;4.25.0&#8243; _module_preset=&#8221;default&#8221; locked=&#8221;off&#8221; collapsed=&#8221;off&#8221; global_colors_info=&#8221;{}&#8221;][et_pb_column type=&#8221;4_4&#8243; _builder_version=&#8221;4.25.0&#8243; _module_preset=&#8221;default&#8221; global_colors_info=&#8221;{}&#8221;][dmpro_breadcrumbs bc_custom_home=&#8221;on&#8221; bc_home_text=&#8221;Home&#8221; bc_home_icon=&#8221;off&#8221; bc_schema=&#8221;off&#8221; bc_separator_color=&#8221;#6d6d6d&#8221; bc_hover_item_bg_color=&#8221;RGBA(255,255,255,0)&#8221; _builder_version=&#8221;4.25.0&#8243; _module_preset=&#8221;default&#8221; items_text_color=&#8221;#6d6d6d&#8221; module_alignment=&#8221;center&#8221; items_text_color_tablet=&#8221;#6d6d6d&#8221; items_text_color_phone=&#8221;#6d6d6d&#8221; items_text_color_last_edited=&#8221;on|desktop&#8221; locked=&#8221;off&#8221; global_colors_info=&#8221;{}&#8221; items_text_color__hover_enabled=&#8221;off|hover&#8221; items_text_color__hover=&#8221;#EBC15B&#8221;][\/dmpro_breadcrumbs][et_pb_image src=&#8221;https:\/\/www.bepindeeto.it\/wp-content\/uploads\/2024\/06\/Bepin-De-Eto-stella-outline-nera-v.svg&#8221; alt=&#8221;Bepin De Eto stella outline nera-v&#8221; title_text=&#8221;Bepin De Eto stella outline nera-v&#8221; _builder_version=&#8221;4.25.0&#8243; _module_preset=&#8221;default&#8221; width=&#8221;4%&#8221; width_tablet=&#8221;7%&#8221; width_phone=&#8221;13%&#8221; width_last_edited=&#8221;on|phone&#8221; module_alignment=&#8221;center&#8221; locked=&#8221;off&#8221; global_colors_info=&#8221;{}&#8221;][\/et_pb_image][et_pb_text _builder_version=&#8221;4.25.0&#8243; _module_preset=&#8221;default&#8221; header_font=&#8221;|||on|||||&#8221; header_text_color=&#8221;#EBC15B&#8221; header_2_font=&#8221;Modern20BT|||on|||||&#8221; header_2_text_color=&#8221;#333333&#8243; header_2_font_size=&#8221;2.5em&#8221; text_orientation=&#8221;center&#8221; global_colors_info=&#8221;{}&#8221;]<\/p>\n<h2>fa\u00e8 passito bianco<\/h2>\n<p>[\/et_pb_text][et_pb_text _builder_version=&#8221;4.25.0&#8243; _module_preset=&#8221;default&#8221; header_font=&#8221;FontinSans-Regular||||||||&#8221; header_text_align=&#8221;center&#8221; header_font_size=&#8221;1.2em&#8221; header_line_height=&#8221;1.2em&#8221; width=&#8221;60%&#8221; width_tablet=&#8221;60%&#8221; width_phone=&#8221;100%&#8221; width_last_edited=&#8221;on|phone&#8221; module_alignment=&#8221;center&#8221; global_colors_info=&#8221;{}&#8221;]<\/p>\n<h1>Fa\u00e8 Passito Bianco<br \/>Veneto<br \/>IGT<\/h1>\n<p>[\/et_pb_text][et_pb_image src=&#8221;https:\/\/www.bepindeeto.it\/wp-content\/uploads\/2024\/06\/Bepin-De-Eto-stella-outline-nera-v.svg&#8221; alt=&#8221;Bepin De Eto stella outline nera-v&#8221; title_text=&#8221;Bepin De Eto stella outline nera-v&#8221; _builder_version=&#8221;4.25.0&#8243; _module_preset=&#8221;default&#8221; width=&#8221;4%&#8221; width_tablet=&#8221;7%&#8221; width_phone=&#8221;13%&#8221; width_last_edited=&#8221;on|phone&#8221; module_alignment=&#8221;center&#8221; locked=&#8221;off&#8221; global_colors_info=&#8221;{}&#8221;][\/et_pb_image][et_pb_text _builder_version=&#8221;4.25.0&#8243; _module_preset=&#8221;default&#8221; header_3_text_align=&#8221;center&#8221; header_3_text_color=&#8221;#353535&#8243; width=&#8221;60%&#8221; width_tablet=&#8221;60%&#8221; width_phone=&#8221;100%&#8221; width_last_edited=&#8221;on|phone&#8221; module_alignment=&#8221;center&#8221; link_option_url=&#8221;https:\/\/www.instagram.com\/explore\/tags\/vinooperadifamiglia\/&#8221; link_option_url_new_window=&#8221;on&#8221; global_colors_info=&#8221;{}&#8221; header_3_text_color__hover_enabled=&#8221;on|hover&#8221; header_3_text_color__hover=&#8221;#EBC15B&#8221;]<\/p>\n<h3>#VinoOperaDiFamiglia<\/h3>\n<p>[\/et_pb_text][et_pb_text _builder_version=&#8221;4.27.2&#8243; _module_preset=&#8221;default&#8221; width=&#8221;60%&#8221; width_tablet=&#8221;60%&#8221; width_phone=&#8221;100%&#8221; width_last_edited=&#8221;on|phone&#8221; module_alignment=&#8221;center&#8221; locked=&#8221;off&#8221; global_colors_info=&#8221;{}&#8221;]<\/p>\n<h2>This passito appears a gold-flecked yellow, with an emphatic, complex bouquet of delicate spring flowers and apricot preserves, enriched by candied citrus and honey. It is warm and generous in the mouth, full-flavoured, elegant, and near endless in length. Best enjoyed in a wide tulip-shaped glass with curved-in rim, at 12-14 \u00b0C.   Serve in a wide tulip-shaped glass with curved-in rim, at 12-14 \u00b0C.<\/h2>\n<p>[\/et_pb_text][\/et_pb_column][\/et_pb_row][et_pb_row column_structure=&#8221;1_2,1_2&#8243; _builder_version=&#8221;4.25.0&#8243; _module_preset=&#8221;default&#8221; width=&#8221;35%&#8221; width_tablet=&#8221;100%&#8221; width_phone=&#8221;100%&#8221; width_last_edited=&#8221;on|phone&#8221; global_colors_info=&#8221;{}&#8221;][et_pb_column type=&#8221;1_2&#8243; _builder_version=&#8221;4.25.0&#8243; _module_preset=&#8221;default&#8221; global_colors_info=&#8221;{}&#8221;][et_pb_button button_url=&#8221;https:\/\/www.bepindeeto.it\/wp-content\/uploads\/2025\/03\/Bepin-De-Eto-scheda-tecnica-2025-EN-Fae-Passito-Bianco-ESE-02.pdf&#8221; url_new_window=&#8221;on&#8221; button_text=&#8221;Technical Sheet&#8221; _builder_version=&#8221;4.27.4&#8243; _module_preset=&#8221;default&#8221; button_text_color=&#8221;#FFFFFF&#8221; button_bg_color=&#8221;#333333&#8243; button_border_color=&#8221;#333333&#8243; button_icon_color=&#8221;#FFFFFF&#8221; transform_scale_linked=&#8221;off&#8221; hover_enabled=&#8221;0&#8243; global_colors_info=&#8221;{}&#8221; sticky_enabled=&#8221;0&#8243;][\/et_pb_button][\/et_pb_column][et_pb_column type=&#8221;1_2&#8243; _builder_version=&#8221;4.25.0&#8243; _module_preset=&#8221;default&#8221; global_colors_info=&#8221;{}&#8221;][et_pb_button button_url=&#8221;@ET-DC@eyJkeW5hbWljIjp0cnVlLCJjb250ZW50IjoicG9zdF9saW5rX3VybF9hdHRhY2htZW50Iiwic2V0dGluZ3MiOnsicG9zdF9pZCI6IjI4ODAifX0=@&#8221; url_new_window=&#8221;on&#8221; button_text=&#8221;Label&#8221; _builder_version=&#8221;4.27.4&#8243; _dynamic_attributes=&#8221;button_url&#8221; _module_preset=&#8221;default&#8221; button_text_color=&#8221;#FFFFFF&#8221; button_bg_color=&#8221;#333333&#8243; button_border_color=&#8221;#333333&#8243; button_icon_color=&#8221;#FFFFFF&#8221; custom_padding=&#8221;||||true|true&#8221; global_colors_info=&#8221;{}&#8221;][\/et_pb_button][\/et_pb_column][\/et_pb_row][\/et_pb_section][et_pb_section fb_built=&#8221;1&#8243; _builder_version=&#8221;4.27.2&#8243; _module_preset=&#8221;default&#8221; global_colors_info=&#8221;{}&#8221;][et_pb_row _builder_version=&#8221;4.27.2&#8243; _module_preset=&#8221;default&#8221; global_colors_info=&#8221;{}&#8221;][et_pb_column type=&#8221;4_4&#8243; _builder_version=&#8221;4.27.2&#8243; _module_preset=&#8221;default&#8221; global_colors_info=&#8221;{}&#8221;][et_pb_text _builder_version=&#8221;4.27.2&#8243; _module_preset=&#8221;default&#8221; header_font=&#8221;|||on|||||&#8221; header_text_color=&#8221;#EBC15B&#8221; header_2_font=&#8221;Modern20BT|||on|||||&#8221; header_2_text_color=&#8221;#333333&#8243; header_2_font_size=&#8221;2.5em&#8221; text_orientation=&#8221;center&#8221; width=&#8221;50%&#8221; width_tablet=&#8221;50%&#8221; width_phone=&#8221;100%&#8221; width_last_edited=&#8221;on|phone&#8221; module_alignment=&#8221;center&#8221; locked=&#8221;off&#8221; global_colors_info=&#8221;{}&#8221;]<\/p>\n<h2>Fa\u00e8, a wine that pays homage to the land.<\/h2>\n<p>[\/et_pb_text][et_pb_text _builder_version=&#8221;4.27.2&#8243; _module_preset=&#8221;default&#8221; header_2_font=&#8221;FontinSans-Regular||on||||||&#8221; width=&#8221;60%&#8221; width_tablet=&#8221;60%&#8221; width_phone=&#8221;100%&#8221; width_last_edited=&#8221;on|phone&#8221; module_alignment=&#8221;center&#8221; locked=&#8221;off&#8221; global_colors_info=&#8221;{}&#8221;]<\/p>\n<h2>Bepin De Eto invites you to discover a story with its roots in centuries past, a story woven into the green hills of San Pietro di Feletto, between Venice and Cortina. From the Latin faetum, meaning beech wood, Fa\u00e8 is both wine and place. Where once were dense woods of beech trees, today our gaze sweeps over the gently rolling vineyards which produce this Passito Bianco. Fa\u00e8 is the illustrious descendent of ancient wines which were already known and appreciated in the 16th century by nobles and merchants of the Republic of Venice. Here the Doges sent not only their cellermen but also their shipwrights to stock up on the wood needed for the republic\u2019s vast fleet. Today, the descendants of those shipwrights select the wood needed to build the most famous boats in the world, gondolas. Each gondola is unique, made of as many as 280 pieces of eight different varieties of wood. One of these varieties is beech, used for a vital component, the oar. Fa\u00e8 is the unique work of Bepin De Eto, the keeper of stories and traditions of a very special area. A Passito that unfailingly communicates the characteristic aromas and flavours of Incrocio Manzoni 6.0.13 (Riesling Renano x Pinot Bianco).        <\/h2>\n<p>[\/et_pb_text][\/et_pb_column][\/et_pb_row][\/et_pb_section]<\/p>\n","protected":false},"excerpt":{"rendered":"<p><div class=\"et_pb_module dmpro_breadcrumbs dmpro_breadcrumbs_0\">\n\t\t\t\t\n\t\t\t\t\n\t\t\t\t\n\t\t\t\t\n\t\t\t\t\n\t\t\t\t\n\t\t\t\t<div class=\"et_pb_module_inner\">\n\t\t\t\t\t<div class=\"dmpro-breadcrumbs\">\n                <ul >\n                    \t\n                    <li  class=\"dmpro-breadcrumb-item dmpro-breadcrumb-home\">\n                                    <a  href=\"\">\n                        <span  >\n                                                        Home                        <\/span>\n                    <\/a>\n                                            <\/li>\n\t\t\t\n            \n            <li class=\"dmpro-breadcrumb-separator\"><span class=\"et-pb-icon dmpro-separator-icon\">$<\/span><\/li>\t\t\t\n            \n                <\/ul>\n            <\/div>\n\t\t\t\t<\/div>\n\t\t\t<\/div>fa\u00e8 passito biancoFa\u00e8 Passito BiancoVenetoIGT#VinoOperaDiFamigliaThis passito appears a gold-flecked yellow, with an emphatic, complex bouquet of delicate spring flowers and apricot preserves, enriched by candied citrus and honey. It is warm and generous in the mouth, full-flavoured, elegant,\u2026 <a href=\"https:\/\/www.bepindeeto.it\/en\/still-wines\/fae-passito-bianco\/\">Read More &raquo;<\/a><\/p>\n","protected":false},"author":1,"featured_media":0,"parent":2035,"menu_order":0,"comment_status":"closed","ping_status":"closed","template":"","meta":{"_et_pb_use_builder":"on","_et_pb_old_content":"","_et_gb_content_width":"","footnotes":""},"class_list":["post-2159","page","type-page","status-publish","hentry"],"yoast_head":"<!-- This site is optimized with the Yoast SEO plugin v27.2 - https:\/\/yoast.com\/product\/yoast-seo-wordpress\/ -->\n<title>Fa\u00e8 Passito Bianco - bepindeeto.it<\/title>\n<meta name=\"robots\" content=\"index, follow, max-snippet:-1, max-image-preview:large, max-video-preview:-1\" \/>\n<link rel=\"canonical\" href=\"https:\/\/www.bepindeeto.it\/en\/still-wines\/fae-passito-bianco\/\" \/>\n<meta property=\"og:locale\" content=\"en_US\" \/>\n<meta property=\"og:type\" content=\"article\" \/>\n<meta property=\"og:title\" content=\"Fa\u00e8 Passito Bianco - bepindeeto.it\" \/>\n<meta property=\"og:description\" content=\"fa\u00e8 passito biancoFa\u00e8 Passito BiancoVenetoIGT#VinoOperaDiFamigliaThis passito appears a gold-flecked yellow, with an emphatic, complex bouquet of delicate spring flowers and apricot preserves, enriched by candied citrus and honey. It is warm and generous in the mouth, full-flavoured, elegant,\u2026 Read More &raquo;\" \/>\n<meta property=\"og:url\" content=\"https:\/\/www.bepindeeto.it\/en\/still-wines\/fae-passito-bianco\/\" \/>\n<meta property=\"og:site_name\" content=\"bepindeeto.it\" \/>\n<meta property=\"article:publisher\" content=\"https:\/\/www.facebook.com\/cantinabepindeeto\" \/>\n<meta property=\"article:modified_time\" content=\"2025-03-28T09:23:24+00:00\" \/>\n<meta name=\"twitter:card\" content=\"summary_large_image\" \/>\n<meta name=\"twitter:label1\" content=\"Est. reading time\" \/>\n\t<meta name=\"twitter:data1\" content=\"5 minutes\" \/>\n<script type=\"application\/ld+json\" class=\"yoast-schema-graph\">{\"@context\":\"https:\/\/schema.org\",\"@graph\":[{\"@type\":\"WebPage\",\"@id\":\"https:\/\/www.bepindeeto.it\/en\/still-wines\/fae-passito-bianco\/\",\"url\":\"https:\/\/www.bepindeeto.it\/en\/still-wines\/fae-passito-bianco\/\",\"name\":\"Fa\u00e8 Passito Bianco - bepindeeto.it\",\"isPartOf\":{\"@id\":\"https:\/\/www.bepindeeto.it\/#website\"},\"datePublished\":\"2024-06-25T13:36:54+00:00\",\"dateModified\":\"2025-03-28T09:23:24+00:00\",\"breadcrumb\":{\"@id\":\"https:\/\/www.bepindeeto.it\/en\/still-wines\/fae-passito-bianco\/#breadcrumb\"},\"inLanguage\":\"en-US\",\"potentialAction\":[{\"@type\":\"ReadAction\",\"target\":[\"https:\/\/www.bepindeeto.it\/en\/still-wines\/fae-passito-bianco\/\"]}]},{\"@type\":\"BreadcrumbList\",\"@id\":\"https:\/\/www.bepindeeto.it\/en\/still-wines\/fae-passito-bianco\/#breadcrumb\",\"itemListElement\":[{\"@type\":\"ListItem\",\"position\":1,\"name\":\"Home\",\"item\":\"https:\/\/www.bepindeeto.it\/en\/home\/\"},{\"@type\":\"ListItem\",\"position\":2,\"name\":\"Still Wines\",\"item\":\"https:\/\/www.bepindeeto.it\/en\/still-wines\/\"},{\"@type\":\"ListItem\",\"position\":3,\"name\":\"Fa\u00e8 Passito Bianco\"}]},{\"@type\":\"WebSite\",\"@id\":\"https:\/\/www.bepindeeto.it\/#website\",\"url\":\"https:\/\/www.bepindeeto.it\/\",\"name\":\"bepindeeto.it\",\"description\":\"Vino. Opera di Famiglia. Dal 1965.\",\"publisher\":{\"@id\":\"https:\/\/www.bepindeeto.it\/#organization\"},\"potentialAction\":[{\"@type\":\"SearchAction\",\"target\":{\"@type\":\"EntryPoint\",\"urlTemplate\":\"https:\/\/www.bepindeeto.it\/?s={search_term_string}\"},\"query-input\":{\"@type\":\"PropertyValueSpecification\",\"valueRequired\":true,\"valueName\":\"search_term_string\"}}],\"inLanguage\":\"en-US\"},{\"@type\":\"Organization\",\"@id\":\"https:\/\/www.bepindeeto.it\/#organization\",\"name\":\"bepindeeto.it\",\"url\":\"https:\/\/www.bepindeeto.it\/\",\"logo\":{\"@type\":\"ImageObject\",\"inLanguage\":\"en-US\",\"@id\":\"https:\/\/www.bepindeeto.it\/#\/schema\/logo\/image\/\",\"url\":\"https:\/\/www.bepindeeto.it\/wp-content\/uploads\/2024\/05\/Bepin-De-Eto-Logo-v-3.svg\",\"contentUrl\":\"https:\/\/www.bepindeeto.it\/wp-content\/uploads\/2024\/05\/Bepin-De-Eto-Logo-v-3.svg\",\"width\":175,\"height\":204,\"caption\":\"bepindeeto.it\"},\"image\":{\"@id\":\"https:\/\/www.bepindeeto.it\/#\/schema\/logo\/image\/\"},\"sameAs\":[\"https:\/\/www.facebook.com\/cantinabepindeeto\",\"https:\/\/www.instagram.com\/bepin_de_eto\/\"]}]}<\/script>\n<!-- \/ Yoast SEO plugin. -->","yoast_head_json":{"title":"Fa\u00e8 Passito Bianco - bepindeeto.it","robots":{"index":"index","follow":"follow","max-snippet":"max-snippet:-1","max-image-preview":"max-image-preview:large","max-video-preview":"max-video-preview:-1"},"canonical":"https:\/\/www.bepindeeto.it\/en\/still-wines\/fae-passito-bianco\/","og_locale":"en_US","og_type":"article","og_title":"Fa\u00e8 Passito Bianco - bepindeeto.it","og_description":"fa\u00e8 passito biancoFa\u00e8 Passito BiancoVenetoIGT#VinoOperaDiFamigliaThis passito appears a gold-flecked yellow, with an emphatic, complex bouquet of delicate spring flowers and apricot preserves, enriched by candied citrus and honey. It is warm and generous in the mouth, full-flavoured, elegant,\u2026 Read More &raquo;","og_url":"https:\/\/www.bepindeeto.it\/en\/still-wines\/fae-passito-bianco\/","og_site_name":"bepindeeto.it","article_publisher":"https:\/\/www.facebook.com\/cantinabepindeeto","article_modified_time":"2025-03-28T09:23:24+00:00","twitter_card":"summary_large_image","twitter_misc":{"Est. reading time":"5 minutes"},"schema":{"@context":"https:\/\/schema.org","@graph":[{"@type":"WebPage","@id":"https:\/\/www.bepindeeto.it\/en\/still-wines\/fae-passito-bianco\/","url":"https:\/\/www.bepindeeto.it\/en\/still-wines\/fae-passito-bianco\/","name":"Fa\u00e8 Passito Bianco - bepindeeto.it","isPartOf":{"@id":"https:\/\/www.bepindeeto.it\/#website"},"datePublished":"2024-06-25T13:36:54+00:00","dateModified":"2025-03-28T09:23:24+00:00","breadcrumb":{"@id":"https:\/\/www.bepindeeto.it\/en\/still-wines\/fae-passito-bianco\/#breadcrumb"},"inLanguage":"en-US","potentialAction":[{"@type":"ReadAction","target":["https:\/\/www.bepindeeto.it\/en\/still-wines\/fae-passito-bianco\/"]}]},{"@type":"BreadcrumbList","@id":"https:\/\/www.bepindeeto.it\/en\/still-wines\/fae-passito-bianco\/#breadcrumb","itemListElement":[{"@type":"ListItem","position":1,"name":"Home","item":"https:\/\/www.bepindeeto.it\/en\/home\/"},{"@type":"ListItem","position":2,"name":"Still Wines","item":"https:\/\/www.bepindeeto.it\/en\/still-wines\/"},{"@type":"ListItem","position":3,"name":"Fa\u00e8 Passito Bianco"}]},{"@type":"WebSite","@id":"https:\/\/www.bepindeeto.it\/#website","url":"https:\/\/www.bepindeeto.it\/","name":"bepindeeto.it","description":"Vino. Opera di Famiglia. Dal 1965.","publisher":{"@id":"https:\/\/www.bepindeeto.it\/#organization"},"potentialAction":[{"@type":"SearchAction","target":{"@type":"EntryPoint","urlTemplate":"https:\/\/www.bepindeeto.it\/?s={search_term_string}"},"query-input":{"@type":"PropertyValueSpecification","valueRequired":true,"valueName":"search_term_string"}}],"inLanguage":"en-US"},{"@type":"Organization","@id":"https:\/\/www.bepindeeto.it\/#organization","name":"bepindeeto.it","url":"https:\/\/www.bepindeeto.it\/","logo":{"@type":"ImageObject","inLanguage":"en-US","@id":"https:\/\/www.bepindeeto.it\/#\/schema\/logo\/image\/","url":"https:\/\/www.bepindeeto.it\/wp-content\/uploads\/2024\/05\/Bepin-De-Eto-Logo-v-3.svg","contentUrl":"https:\/\/www.bepindeeto.it\/wp-content\/uploads\/2024\/05\/Bepin-De-Eto-Logo-v-3.svg","width":175,"height":204,"caption":"bepindeeto.it"},"image":{"@id":"https:\/\/www.bepindeeto.it\/#\/schema\/logo\/image\/"},"sameAs":["https:\/\/www.facebook.com\/cantinabepindeeto","https:\/\/www.instagram.com\/bepin_de_eto\/"]}]}},"_links":{"self":[{"href":"https:\/\/www.bepindeeto.it\/en\/wp-json\/wp\/v2\/pages\/2159","targetHints":{"allow":["GET"]}}],"collection":[{"href":"https:\/\/www.bepindeeto.it\/en\/wp-json\/wp\/v2\/pages"}],"about":[{"href":"https:\/\/www.bepindeeto.it\/en\/wp-json\/wp\/v2\/types\/page"}],"author":[{"embeddable":true,"href":"https:\/\/www.bepindeeto.it\/en\/wp-json\/wp\/v2\/users\/1"}],"replies":[{"embeddable":true,"href":"https:\/\/www.bepindeeto.it\/en\/wp-json\/wp\/v2\/comments?post=2159"}],"version-history":[{"count":0,"href":"https:\/\/www.bepindeeto.it\/en\/wp-json\/wp\/v2\/pages\/2159\/revisions"}],"up":[{"embeddable":true,"href":"https:\/\/www.bepindeeto.it\/en\/wp-json\/wp\/v2\/pages\/2035"}],"wp:attachment":[{"href":"https:\/\/www.bepindeeto.it\/en\/wp-json\/wp\/v2\/media?parent=2159"}],"curies":[{"name":"wp","href":"https:\/\/api.w.org\/{rel}","templated":true}]}}