{"id":2150,"date":"2024-06-25T15:23:32","date_gmt":"2024-06-25T13:23:32","guid":{"rendered":"https:\/\/www.bepindeeto.it\/index.php\/stillweine\/verdiso-colli-trevigiani-igt\/"},"modified":"2025-10-15T17:03:57","modified_gmt":"2025-10-15T15:03:57","slug":"verdiso-colli-trevigiani-igt","status":"publish","type":"page","link":"https:\/\/www.bepindeeto.it\/de\/stillweine\/verdiso-colli-trevigiani-igt\/","title":{"rendered":"Verdiso Colli Trevigiani IGT"},"content":{"rendered":"<p>[et_pb_section fb_built=&#8220;1&#8243; _builder_version=&#8220;4.27.0&#8243; _module_preset=&#8220;default&#8220; background_enable_color=&#8220;off&#8220; background_image=&#8220;https:\/\/www.bepindeeto.it\/wp-content\/uploads\/2024\/06\/Bepin-De-Eto-cover-vini-fermi-verdiso-colli-trevigiani-igt-jpg.avif&#8220; background_enable_video_mp4=&#8220;off&#8220; height=&#8220;100vh&#8220; height_tablet=&#8220;60vh&#8220; height_phone=&#8220;75vh&#8220; height_last_edited=&#8220;on|phone&#8220; custom_margin=&#8220;||||true|false&#8220; custom_padding=&#8220;||||true|false&#8220; locked=&#8220;off&#8220; collapsed=&#8220;off&#8220; global_colors_info=&#8220;{}&#8220;][\/et_pb_section][et_pb_section fb_built=&#8220;1&#8243; _builder_version=&#8220;4.25.0&#8243; _module_preset=&#8220;default&#8220; background_color=&#8220;#f7f7f7&#8243; custom_margin=&#8220;||||false|false&#8220; custom_padding=&#8220;0px||||false|false&#8220; global_colors_info=&#8220;{}&#8220;][et_pb_row _builder_version=&#8220;4.25.0&#8243; _module_preset=&#8220;default&#8220; locked=&#8220;off&#8220; collapsed=&#8220;off&#8220; global_colors_info=&#8220;{}&#8220;][et_pb_column type=&#8220;4_4&#8243; _builder_version=&#8220;4.25.0&#8243; _module_preset=&#8220;default&#8220; global_colors_info=&#8220;{}&#8220;][dmpro_breadcrumbs bc_custom_home=&#8220;on&#8220; bc_home_text=&#8220;Home&#8220; bc_home_icon=&#8220;off&#8220; bc_schema=&#8220;off&#8220; bc_separator_color=&#8220;#6d6d6d&#8220; bc_hover_item_bg_color=&#8220;RGBA(255,255,255,0)&#8220; _builder_version=&#8220;4.25.0&#8243; _module_preset=&#8220;default&#8220; items_text_color=&#8220;#6d6d6d&#8220; module_alignment=&#8220;center&#8220; items_text_color_tablet=&#8220;#6d6d6d&#8220; items_text_color_phone=&#8220;#6d6d6d&#8220; items_text_color_last_edited=&#8220;on|desktop&#8220; locked=&#8220;off&#8220; global_colors_info=&#8220;{}&#8220; items_text_color__hover_enabled=&#8220;off|hover&#8220; items_text_color__hover=&#8220;#EBC15B&#8220;][\/dmpro_breadcrumbs][et_pb_image src=&#8220;https:\/\/www.bepindeeto.it\/wp-content\/uploads\/2024\/06\/Bepin-De-Eto-stella-outline-nera-v.svg&#8220; alt=&#8220;Bepin De Eto stella outline nera-v&#8220; title_text=&#8220;Bepin De Eto stella outline nera-v&#8220; _builder_version=&#8220;4.25.0&#8243; _module_preset=&#8220;default&#8220; width=&#8220;4%&#8220; width_tablet=&#8220;7%&#8220; width_phone=&#8220;13%&#8220; width_last_edited=&#8220;on|phone&#8220; module_alignment=&#8220;center&#8220; locked=&#8220;off&#8220; global_colors_info=&#8220;{}&#8220;][\/et_pb_image][et_pb_text _builder_version=&#8220;4.25.0&#8243; _module_preset=&#8220;default&#8220; header_font=&#8220;|||on|||||&#8220; header_text_color=&#8220;#EBC15B&#8220; header_2_font=&#8220;Modern20BT|||on|||||&#8220; header_2_text_color=&#8220;#333333&#8243; header_2_font_size=&#8220;2.5em&#8220; text_orientation=&#8220;center&#8220; global_colors_info=&#8220;{}&#8220;]<\/p>\n<h2>verdiso<\/h2>\n<p>[\/et_pb_text][et_pb_text _builder_version=&#8220;4.25.0&#8243; _module_preset=&#8220;default&#8220; header_font=&#8220;FontinSans-Regular||||||||&#8220; header_text_align=&#8220;center&#8220; header_font_size=&#8220;1.2em&#8220; header_line_height=&#8220;1.2em&#8220; width=&#8220;60%&#8220; width_tablet=&#8220;60%&#8220; width_phone=&#8220;100%&#8220; width_last_edited=&#8220;on|phone&#8220; module_alignment=&#8220;center&#8220; global_colors_info=&#8220;{}&#8220;]<\/p>\n<h1>Verdiso<br \/>Colli Trevigiani<br \/>IGT<\/h1>\n<p>[\/et_pb_text][et_pb_image src=&#8220;https:\/\/www.bepindeeto.it\/wp-content\/uploads\/2024\/06\/Bepin-De-Eto-stella-outline-nera-v.svg&#8220; alt=&#8220;Bepin De Eto stella outline nera-v&#8220; title_text=&#8220;Bepin De Eto stella outline nera-v&#8220; _builder_version=&#8220;4.25.0&#8243; _module_preset=&#8220;default&#8220; width=&#8220;4%&#8220; width_tablet=&#8220;7%&#8220; width_phone=&#8220;13%&#8220; width_last_edited=&#8220;on|phone&#8220; module_alignment=&#8220;center&#8220; locked=&#8220;off&#8220; global_colors_info=&#8220;{}&#8220;][\/et_pb_image][et_pb_text _builder_version=&#8220;4.25.0&#8243; _module_preset=&#8220;default&#8220; header_3_text_align=&#8220;center&#8220; header_3_text_color=&#8220;#353535&#8243; width=&#8220;60%&#8220; width_tablet=&#8220;60%&#8220; width_phone=&#8220;100%&#8220; width_last_edited=&#8220;on|phone&#8220; module_alignment=&#8220;center&#8220; link_option_url=&#8220;https:\/\/www.instagram.com\/explore\/tags\/vinooperadifamiglia\/&#8220; link_option_url_new_window=&#8220;on&#8220; global_colors_info=&#8220;{}&#8220; header_3_text_color__hover_enabled=&#8220;on|hover&#8220; header_3_text_color__hover=&#8220;#EBC15B&#8220;]<\/p>\n<h3>#VinoOperaDiFamiglia<\/h3>\n<p>[\/et_pb_text][et_pb_text _builder_version=&#8220;4.27.2&#8243; _module_preset=&#8220;default&#8220; width=&#8220;60%&#8220; width_tablet=&#8220;60%&#8220; width_phone=&#8220;100%&#8220; width_last_edited=&#8220;on|phone&#8220; module_alignment=&#8220;center&#8220; locked=&#8220;off&#8220; global_colors_info=&#8220;{}&#8220;]<\/p>\n<h2>Colli Trevigiani. Indicazione geografica tipica. Wei\u00dfwein von strohgelber Farbe mit smaragdgr\u00fcnen Reflexen. Das Aroma ist frisch und leicht, die Noten von unreifen Fr\u00fcchten wie gr\u00fcnem Apfel und Zeder sind deutlich vorhanden; angenehm ist der Hauch Salbei. Am Gaumen ist er salzig und knackig, mit ausgepr\u00e4gter S\u00e4ure. Der Abgang ist trocken.    Es wird empfohlen, ihn in einem weiten, tulpenf\u00f6rmigen Glas mit geschlossener \u00d6ffnung bei einer Temperatur von 10 \u00b0C zu servieren.<\/h2>\n<p>[\/et_pb_text][\/et_pb_column][\/et_pb_row][et_pb_row column_structure=&#8220;1_2,1_2&#8243; _builder_version=&#8220;4.25.0&#8243; _module_preset=&#8220;default&#8220; width=&#8220;35%&#8220; width_tablet=&#8220;100%&#8220; width_phone=&#8220;100%&#8220; width_last_edited=&#8220;on|phone&#8220; global_colors_info=&#8220;{}&#8220;][et_pb_column type=&#8220;1_2&#8243; _builder_version=&#8220;4.25.0&#8243; _module_preset=&#8220;default&#8220; global_colors_info=&#8220;{}&#8220;][et_pb_button button_url=&#8220;https:\/\/www.bepindeeto.it\/wp-content\/uploads\/2025\/03\/Bepin-De-Eto-scheda-tecnica-2025-DE-Verdiso-ESE-02.pdf&#8220; url_new_window=&#8220;on&#8220; button_text=&#8220;Technisches Datenblatt&#8220; _builder_version=&#8220;4.27.4&#8243; _module_preset=&#8220;default&#8220; button_text_color=&#8220;#FFFFFF&#8220; button_bg_color=&#8220;#333333&#8243; button_border_color=&#8220;#333333&#8243; button_icon_color=&#8220;#FFFFFF&#8220; transform_scale_linked=&#8220;off&#8220; global_colors_info=&#8220;{}&#8220;][\/et_pb_button][\/et_pb_column][et_pb_column type=&#8220;1_2&#8243; _builder_version=&#8220;4.25.0&#8243; _module_preset=&#8220;default&#8220; global_colors_info=&#8220;{}&#8220;][et_pb_button button_url=&#8220;@ET-DC@eyJkeW5hbWljIjp0cnVlLCJjb250ZW50IjoicG9zdF9saW5rX3VybF9hdHRhY2htZW50Iiwic2V0dGluZ3MiOnsicG9zdF9pZCI6IjI5MDcifX0=@&#8220; url_new_window=&#8220;on&#8220; button_text=&#8220;Weinetikett&#8220; _builder_version=&#8220;4.27.4&#8243; _dynamic_attributes=&#8220;button_url&#8220; _module_preset=&#8220;default&#8220; button_text_color=&#8220;#FFFFFF&#8220; button_bg_color=&#8220;#333333&#8243; button_border_color=&#8220;#333333&#8243; button_icon_color=&#8220;#FFFFFF&#8220; custom_padding=&#8220;||||true|true&#8220; global_colors_info=&#8220;{}&#8220;][\/et_pb_button][\/et_pb_column][\/et_pb_row][\/et_pb_section][et_pb_section fb_built=&#8220;1&#8243; admin_label=&#8220;docg e classici&#8220; _builder_version=&#8220;4.25.0&#8243; _module_preset=&#8220;default&#8220; background_color=&#8220;RGBA(255,255,255,0)&#8220; custom_padding=&#8220;||0px||false|false&#8220; locked=&#8220;off&#8220; global_colors_info=&#8220;{}&#8220;][et_pb_row _builder_version=&#8220;4.25.0&#8243; _module_preset=&#8220;default&#8220; global_colors_info=&#8220;{}&#8220;][et_pb_column type=&#8220;4_4&#8243; _builder_version=&#8220;4.25.0&#8243; _module_preset=&#8220;default&#8220; global_colors_info=&#8220;{}&#8220;][et_pb_image src=&#8220;https:\/\/www.bepindeeto.it\/wp-content\/uploads\/2024\/06\/Bepin-De-Eto-stella-outline-nera-v.svg&#8220; alt=&#8220;Bepin De Eto stella outline nera-v&#8220; title_text=&#8220;Bepin De Eto stella outline nera-v&#8220; _builder_version=&#8220;4.25.0&#8243; _module_preset=&#8220;default&#8220; width=&#8220;4%&#8220; width_tablet=&#8220;7%&#8220; width_phone=&#8220;13%&#8220; width_last_edited=&#8220;on|phone&#8220; module_alignment=&#8220;center&#8220; locked=&#8220;off&#8220; global_colors_info=&#8220;{}&#8220;][\/et_pb_image][et_pb_text _builder_version=&#8220;4.25.0&#8243; _module_preset=&#8220;default&#8220; header_2_font=&#8220;Modern20BT|||on|||||&#8220; header_2_font_size=&#8220;30px&#8220; text_orientation=&#8220;center&#8220; global_colors_info=&#8220;{}&#8220;]<\/p>\n<h2>Die docg und die klassischen<\/h2>\n<p>[\/et_pb_text][dmpro_carousel columns=&#8220;3&#8243; loop=&#8220;on&#8220; navigation=&#8220;on&#8220; navigation_prev_icon_yn=&#8220;on&#8220; navigation_prev_icon=&#8220;&#x34;||divi||400&#8243; navigation_next_icon_yn=&#8220;on&#8220; navigation_next_icon=&#8220;&#x35;||divi||400&#8243; navigation_size=&#8220;60&#8243; navigation_color=&#8220;#353535&#8243; columns_tablet=&#8220;3&#8243; columns_phone=&#8220;1&#8243; columns_last_edited=&#8220;on|tablet&#8220; navigation_position_left_tablet=&#8220;&#8220; navigation_position_left_phone=&#8220;-7px&#8220; navigation_position_left_last_edited=&#8220;on|phone&#8220; navigation_position_right_tablet=&#8220;&#8220; navigation_position_right_phone=&#8220;0px&#8220; navigation_position_right_last_edited=&#8220;on|phone&#8220; _builder_version=&#8220;4.27.4&#8243; _module_preset=&#8220;default&#8220; desc_font=&#8220;FontinSans-Regular||||||||&#8220; background_enable_image=&#8220;off&#8220; hover_enabled=&#8220;0&#8243; locked=&#8220;off&#8220; global_colors_info=&#8220;{}&#8220; sticky_enabled=&#8220;0&#8243;][dmpro_carousel_child title=&#8220;Montirosso&#8220; img_src=&#8220;https:\/\/www.bepindeeto.it\/wp-content\/uploads\/2024\/06\/Bepin-De-Eto-Vino-Rosso-Montirosso-h1000.png&#8220; img_alt=&#8220;Bepin De Eto Montirosso Vino Rosso&#8220; text_title=&#8220;Montirosso&#8220; desc_text=&#8220;<\/p>\n<p>Vino Rosso<\/p>\n<p>&#8220; show_button=&#8220;on&#8220; carousel_button_text=&#8220;SCOPRI&#8220; button_link=&#8220;https:\/\/www.bepindeeto.it\/vini-fermi\/montirosso-vino-rosso\/&#8220; img_width=&#8220;75%&#8220; img_width_tablet=&#8220;100%&#8220; img_width_phone=&#8220;80%&#8220; img_width_last_edited=&#8220;on|phone&#8220; _builder_version=&#8220;4.27.4&#8243; _dynamic_attributes=&#8220;link_option_url&#8220; _module_preset=&#8220;default&#8220; title_font_size=&#8220;1.4em&#8220; title_line_height=&#8220;1.2em&#8220; custom_carousel_button=&#8220;on&#8220; carousel_button_text_size=&#8220;1.2em&#8220; carousel_button_text_color=&#8220;#FFFFFF&#8220; carousel_button_bg_color=&#8220;#353535&#8243; carousel_button_border_width=&#8220;1px&#8220; carousel_button_border_color=&#8220;#353535&#8243; carousel_button_border_radius=&#8220;10px&#8220; carousel_button_letter_spacing=&#8220;1px&#8220; carousel_button_use_icon=&#8220;on&#8220; carousel_button_icon=&#8220;&#x35;||divi||400&#8243; carousel_button_on_hover=&#8220;on&#8220; link_option_url=&#8220;@ET-DC@eyJkeW5hbWljIjp0cnVlLCJjb250ZW50IjoicG9zdF9saW5rX3VybF9wYWdlIiwic2V0dGluZ3MiOnsicG9zdF9pZCI6IjEwOTQifX0=@&#8220; hover_enabled=&#8220;0&#8243; global_colors_info=&#8220;{}&#8220; sticky_enabled=&#8220;0&#8243;][\/dmpro_carousel_child][dmpro_carousel_child title=&#8220;Cabernet&#8220; img_src=&#8220;https:\/\/www.bepindeeto.it\/wp-content\/uploads\/2024\/06\/Bepin-De-Eto-Colli-Trevigiani-IGP-Cabernet-h1000.png&#8220; img_alt=&#8220;Bepin De Eto Cabernet Colli Trevigiani IGT&#8220; text_title=&#8220;Cabernet&#8220; desc_text=&#8220;<\/p>\n<p>Colli Trevigiani IGT<\/p>\n<p>&#8220; show_button=&#8220;on&#8220; carousel_button_text=&#8220;SCOPRI&#8220; button_link=&#8220;https:\/\/www.bepindeeto.it\/vini-fermi\/cabernet-colli-trevigiani-igt\/&#8220; img_width=&#8220;75%&#8220; img_width_tablet=&#8220;100%&#8220; img_width_phone=&#8220;80%&#8220; img_width_last_edited=&#8220;on|phone&#8220; _builder_version=&#8220;4.27.4&#8243; _dynamic_attributes=&#8220;link_option_url&#8220; _module_preset=&#8220;default&#8220; title_font_size=&#8220;1.4em&#8220; title_line_height=&#8220;1.2em&#8220; custom_carousel_button=&#8220;on&#8220; carousel_button_text_size=&#8220;1.2em&#8220; carousel_button_text_color=&#8220;#FFFFFF&#8220; carousel_button_bg_color=&#8220;#353535&#8243; carousel_button_border_width=&#8220;1px&#8220; carousel_button_border_color=&#8220;#353535&#8243; carousel_button_border_radius=&#8220;10px&#8220; carousel_button_letter_spacing=&#8220;1px&#8220; carousel_button_use_icon=&#8220;on&#8220; carousel_button_icon=&#8220;&#x35;||divi||400&#8243; carousel_button_on_hover=&#8220;on&#8220; link_option_url=&#8220;@ET-DC@eyJkeW5hbWljIjp0cnVlLCJjb250ZW50IjoicG9zdF9saW5rX3VybF9wYWdlIiwic2V0dGluZ3MiOnsicG9zdF9pZCI6IjExMDUifX0=@&#8220; hover_enabled=&#8220;0&#8243; global_colors_info=&#8220;{}&#8220; sticky_enabled=&#8220;0&#8243;][\/dmpro_carousel_child][dmpro_carousel_child title=&#8220;Prosecco Tranquillo&#8220; img_src=&#8220;https:\/\/www.bepindeeto.it\/wp-content\/uploads\/2024\/06\/Bepin-De-Eto-Treviso-DOC-Prosecco-Tranquillo-h1000.png&#8220; img_alt=&#8220;Bepin De Eto Prosecco Tranquillo Treviso DOC&#8220; text_title=&#8220;Prosecco Tranquillo&#8220; desc_text=&#8220;<\/p>\n<p>Treviso DOC<\/p>\n<p>&#8220; show_button=&#8220;on&#8220; carousel_button_text=&#8220;SCOPRI&#8220; button_link=&#8220;https:\/\/www.bepindeeto.it\/vini-fermi\/prosecco-tranquillo-treviso-doc\/&#8220; img_width=&#8220;75%&#8220; img_width_tablet=&#8220;100%&#8220; img_width_phone=&#8220;80%&#8220; img_width_last_edited=&#8220;on|phone&#8220; _builder_version=&#8220;4.27.4&#8243; _dynamic_attributes=&#8220;link_option_url&#8220; _module_preset=&#8220;default&#8220; title_font_size=&#8220;1.4em&#8220; title_line_height=&#8220;1.2em&#8220; custom_carousel_button=&#8220;on&#8220; carousel_button_text_size=&#8220;1.2em&#8220; carousel_button_text_color=&#8220;#FFFFFF&#8220; carousel_button_bg_color=&#8220;#353535&#8243; carousel_button_border_width=&#8220;1px&#8220; carousel_button_border_color=&#8220;#353535&#8243; carousel_button_border_radius=&#8220;10px&#8220; carousel_button_letter_spacing=&#8220;1px&#8220; carousel_button_use_icon=&#8220;on&#8220; carousel_button_icon=&#8220;&#x35;||divi||400&#8243; carousel_button_on_hover=&#8220;on&#8220; link_option_url=&#8220;@ET-DC@eyJkeW5hbWljIjp0cnVlLCJjb250ZW50IjoicG9zdF9saW5rX3VybF9wYWdlIiwic2V0dGluZ3MiOnsicG9zdF9pZCI6IjExMTIifX0=@&#8220; hover_enabled=&#8220;0&#8243; global_colors_info=&#8220;{}&#8220; sticky_enabled=&#8220;0&#8243;][\/dmpro_carousel_child][\/dmpro_carousel][\/et_pb_column][\/et_pb_row][\/et_pb_section]<\/p>\n","protected":false},"excerpt":{"rendered":"<p><div class=\"et_pb_module dmpro_breadcrumbs dmpro_breadcrumbs_0\">\n\t\t\t\t\n\t\t\t\t\n\t\t\t\t\n\t\t\t\t\n\t\t\t\t\n\t\t\t\t\n\t\t\t\t<div class=\"et_pb_module_inner\">\n\t\t\t\t\t<div class=\"dmpro-breadcrumbs\">\n                <ul >\n                    \t\n                    <li  class=\"dmpro-breadcrumb-item dmpro-breadcrumb-home\">\n                                    <a  href=\"\">\n                        <span  >\n                                                        Home                        <\/span>\n                    <\/a>\n                                            <\/li>\n\t\t\t\n            \n            <li class=\"dmpro-breadcrumb-separator\"><span class=\"et-pb-icon dmpro-separator-icon\">$<\/span><\/li>\t\t\t\n            \n                <\/ul>\n            <\/div>\n\t\t\t\t<\/div>\n\t\t\t<\/div>verdisoVerdisoColli TrevigianiIGT#VinoOperaDiFamigliaColli Trevigiani. Indicazione geografica tipica. Wei\u00dfwein von strohgelber Farbe mit smaragdgr\u00fcnen Reflexen. Das Aroma ist frisch und leicht, die Noten von unreifen Fr\u00fcchten wie gr\u00fcnem Apfel und Zeder sind deutlich vorhanden; angenehm ist der Hauch Salbei. Am\u2026 <a href=\"https:\/\/www.bepindeeto.it\/de\/stillweine\/verdiso-colli-trevigiani-igt\/\">Read More &raquo;<\/a><\/p>\n","protected":false},"author":1,"featured_media":0,"parent":2038,"menu_order":0,"comment_status":"closed","ping_status":"closed","template":"","meta":{"_et_pb_use_builder":"on","_et_pb_old_content":"","_et_gb_content_width":"","footnotes":""},"class_list":["post-2150","page","type-page","status-publish","hentry"],"yoast_head":"<!-- This site is optimized with the Yoast SEO plugin v27.2 - https:\/\/yoast.com\/product\/yoast-seo-wordpress\/ -->\n<title>Verdiso Colli Trevigiani IGT - bepindeeto.it<\/title>\n<meta name=\"robots\" content=\"index, follow, max-snippet:-1, max-image-preview:large, max-video-preview:-1\" \/>\n<link rel=\"canonical\" href=\"https:\/\/www.bepindeeto.it\/de\/stillweine\/verdiso-colli-trevigiani-igt\/\" \/>\n<meta property=\"og:locale\" content=\"de_DE\" \/>\n<meta property=\"og:type\" content=\"article\" \/>\n<meta property=\"og:title\" content=\"Verdiso Colli Trevigiani IGT - bepindeeto.it\" \/>\n<meta property=\"og:description\" content=\"verdisoVerdisoColli TrevigianiIGT#VinoOperaDiFamigliaColli Trevigiani. Indicazione geografica tipica. Wei\u00dfwein von strohgelber Farbe mit smaragdgr\u00fcnen Reflexen. Das Aroma ist frisch und leicht, die Noten von unreifen Fr\u00fcchten wie gr\u00fcnem Apfel und Zeder sind deutlich vorhanden; angenehm ist der Hauch Salbei. Am\u2026 Read More &raquo;\" \/>\n<meta property=\"og:url\" content=\"https:\/\/www.bepindeeto.it\/de\/stillweine\/verdiso-colli-trevigiani-igt\/\" \/>\n<meta property=\"og:site_name\" content=\"bepindeeto.it\" \/>\n<meta property=\"article:publisher\" content=\"https:\/\/www.facebook.com\/cantinabepindeeto\" \/>\n<meta property=\"article:modified_time\" content=\"2025-10-15T15:03:57+00:00\" \/>\n<meta name=\"twitter:card\" content=\"summary_large_image\" \/>\n<meta name=\"twitter:label1\" content=\"Gesch\u00e4tzte Lesezeit\" \/>\n\t<meta name=\"twitter:data1\" content=\"7\u00a0Minuten\" \/>\n<script type=\"application\/ld+json\" class=\"yoast-schema-graph\">{\"@context\":\"https:\/\/schema.org\",\"@graph\":[{\"@type\":\"WebPage\",\"@id\":\"https:\/\/www.bepindeeto.it\/de\/stillweine\/verdiso-colli-trevigiani-igt\/\",\"url\":\"https:\/\/www.bepindeeto.it\/de\/stillweine\/verdiso-colli-trevigiani-igt\/\",\"name\":\"Verdiso Colli Trevigiani IGT - bepindeeto.it\",\"isPartOf\":{\"@id\":\"https:\/\/www.bepindeeto.it\/#website\"},\"datePublished\":\"2024-06-25T13:23:32+00:00\",\"dateModified\":\"2025-10-15T15:03:57+00:00\",\"breadcrumb\":{\"@id\":\"https:\/\/www.bepindeeto.it\/de\/stillweine\/verdiso-colli-trevigiani-igt\/#breadcrumb\"},\"inLanguage\":\"de\",\"potentialAction\":[{\"@type\":\"ReadAction\",\"target\":[\"https:\/\/www.bepindeeto.it\/de\/stillweine\/verdiso-colli-trevigiani-igt\/\"]}]},{\"@type\":\"BreadcrumbList\",\"@id\":\"https:\/\/www.bepindeeto.it\/de\/stillweine\/verdiso-colli-trevigiani-igt\/#breadcrumb\",\"itemListElement\":[{\"@type\":\"ListItem\",\"position\":1,\"name\":\"Home\",\"item\":\"https:\/\/www.bepindeeto.it\/de\/startseite\/\"},{\"@type\":\"ListItem\",\"position\":2,\"name\":\"Stillweine\",\"item\":\"https:\/\/www.bepindeeto.it\/de\/stillweine\/\"},{\"@type\":\"ListItem\",\"position\":3,\"name\":\"Verdiso Colli Trevigiani IGT\"}]},{\"@type\":\"WebSite\",\"@id\":\"https:\/\/www.bepindeeto.it\/#website\",\"url\":\"https:\/\/www.bepindeeto.it\/\",\"name\":\"bepindeeto.it\",\"description\":\"Vino. Opera di Famiglia. Dal 1965.\",\"publisher\":{\"@id\":\"https:\/\/www.bepindeeto.it\/#organization\"},\"potentialAction\":[{\"@type\":\"SearchAction\",\"target\":{\"@type\":\"EntryPoint\",\"urlTemplate\":\"https:\/\/www.bepindeeto.it\/?s={search_term_string}\"},\"query-input\":{\"@type\":\"PropertyValueSpecification\",\"valueRequired\":true,\"valueName\":\"search_term_string\"}}],\"inLanguage\":\"de\"},{\"@type\":\"Organization\",\"@id\":\"https:\/\/www.bepindeeto.it\/#organization\",\"name\":\"bepindeeto.it\",\"url\":\"https:\/\/www.bepindeeto.it\/\",\"logo\":{\"@type\":\"ImageObject\",\"inLanguage\":\"de\",\"@id\":\"https:\/\/www.bepindeeto.it\/#\/schema\/logo\/image\/\",\"url\":\"https:\/\/www.bepindeeto.it\/wp-content\/uploads\/2024\/05\/Bepin-De-Eto-Logo-v-3.svg\",\"contentUrl\":\"https:\/\/www.bepindeeto.it\/wp-content\/uploads\/2024\/05\/Bepin-De-Eto-Logo-v-3.svg\",\"width\":175,\"height\":204,\"caption\":\"bepindeeto.it\"},\"image\":{\"@id\":\"https:\/\/www.bepindeeto.it\/#\/schema\/logo\/image\/\"},\"sameAs\":[\"https:\/\/www.facebook.com\/cantinabepindeeto\",\"https:\/\/www.instagram.com\/bepin_de_eto\/\"]}]}<\/script>\n<!-- \/ Yoast SEO plugin. -->","yoast_head_json":{"title":"Verdiso Colli Trevigiani IGT - bepindeeto.it","robots":{"index":"index","follow":"follow","max-snippet":"max-snippet:-1","max-image-preview":"max-image-preview:large","max-video-preview":"max-video-preview:-1"},"canonical":"https:\/\/www.bepindeeto.it\/de\/stillweine\/verdiso-colli-trevigiani-igt\/","og_locale":"de_DE","og_type":"article","og_title":"Verdiso Colli Trevigiani IGT - bepindeeto.it","og_description":"verdisoVerdisoColli TrevigianiIGT#VinoOperaDiFamigliaColli Trevigiani. Indicazione geografica tipica. Wei\u00dfwein von strohgelber Farbe mit smaragdgr\u00fcnen Reflexen. Das Aroma ist frisch und leicht, die Noten von unreifen Fr\u00fcchten wie gr\u00fcnem Apfel und Zeder sind deutlich vorhanden; angenehm ist der Hauch Salbei. Am\u2026 Read More &raquo;","og_url":"https:\/\/www.bepindeeto.it\/de\/stillweine\/verdiso-colli-trevigiani-igt\/","og_site_name":"bepindeeto.it","article_publisher":"https:\/\/www.facebook.com\/cantinabepindeeto","article_modified_time":"2025-10-15T15:03:57+00:00","twitter_card":"summary_large_image","twitter_misc":{"Gesch\u00e4tzte Lesezeit":"7\u00a0Minuten"},"schema":{"@context":"https:\/\/schema.org","@graph":[{"@type":"WebPage","@id":"https:\/\/www.bepindeeto.it\/de\/stillweine\/verdiso-colli-trevigiani-igt\/","url":"https:\/\/www.bepindeeto.it\/de\/stillweine\/verdiso-colli-trevigiani-igt\/","name":"Verdiso Colli Trevigiani IGT - bepindeeto.it","isPartOf":{"@id":"https:\/\/www.bepindeeto.it\/#website"},"datePublished":"2024-06-25T13:23:32+00:00","dateModified":"2025-10-15T15:03:57+00:00","breadcrumb":{"@id":"https:\/\/www.bepindeeto.it\/de\/stillweine\/verdiso-colli-trevigiani-igt\/#breadcrumb"},"inLanguage":"de","potentialAction":[{"@type":"ReadAction","target":["https:\/\/www.bepindeeto.it\/de\/stillweine\/verdiso-colli-trevigiani-igt\/"]}]},{"@type":"BreadcrumbList","@id":"https:\/\/www.bepindeeto.it\/de\/stillweine\/verdiso-colli-trevigiani-igt\/#breadcrumb","itemListElement":[{"@type":"ListItem","position":1,"name":"Home","item":"https:\/\/www.bepindeeto.it\/de\/startseite\/"},{"@type":"ListItem","position":2,"name":"Stillweine","item":"https:\/\/www.bepindeeto.it\/de\/stillweine\/"},{"@type":"ListItem","position":3,"name":"Verdiso Colli Trevigiani IGT"}]},{"@type":"WebSite","@id":"https:\/\/www.bepindeeto.it\/#website","url":"https:\/\/www.bepindeeto.it\/","name":"bepindeeto.it","description":"Vino. Opera di Famiglia. Dal 1965.","publisher":{"@id":"https:\/\/www.bepindeeto.it\/#organization"},"potentialAction":[{"@type":"SearchAction","target":{"@type":"EntryPoint","urlTemplate":"https:\/\/www.bepindeeto.it\/?s={search_term_string}"},"query-input":{"@type":"PropertyValueSpecification","valueRequired":true,"valueName":"search_term_string"}}],"inLanguage":"de"},{"@type":"Organization","@id":"https:\/\/www.bepindeeto.it\/#organization","name":"bepindeeto.it","url":"https:\/\/www.bepindeeto.it\/","logo":{"@type":"ImageObject","inLanguage":"de","@id":"https:\/\/www.bepindeeto.it\/#\/schema\/logo\/image\/","url":"https:\/\/www.bepindeeto.it\/wp-content\/uploads\/2024\/05\/Bepin-De-Eto-Logo-v-3.svg","contentUrl":"https:\/\/www.bepindeeto.it\/wp-content\/uploads\/2024\/05\/Bepin-De-Eto-Logo-v-3.svg","width":175,"height":204,"caption":"bepindeeto.it"},"image":{"@id":"https:\/\/www.bepindeeto.it\/#\/schema\/logo\/image\/"},"sameAs":["https:\/\/www.facebook.com\/cantinabepindeeto","https:\/\/www.instagram.com\/bepin_de_eto\/"]}]}},"_links":{"self":[{"href":"https:\/\/www.bepindeeto.it\/de\/wp-json\/wp\/v2\/pages\/2150","targetHints":{"allow":["GET"]}}],"collection":[{"href":"https:\/\/www.bepindeeto.it\/de\/wp-json\/wp\/v2\/pages"}],"about":[{"href":"https:\/\/www.bepindeeto.it\/de\/wp-json\/wp\/v2\/types\/page"}],"author":[{"embeddable":true,"href":"https:\/\/www.bepindeeto.it\/de\/wp-json\/wp\/v2\/users\/1"}],"replies":[{"embeddable":true,"href":"https:\/\/www.bepindeeto.it\/de\/wp-json\/wp\/v2\/comments?post=2150"}],"version-history":[{"count":0,"href":"https:\/\/www.bepindeeto.it\/de\/wp-json\/wp\/v2\/pages\/2150\/revisions"}],"up":[{"embeddable":true,"href":"https:\/\/www.bepindeeto.it\/de\/wp-json\/wp\/v2\/pages\/2038"}],"wp:attachment":[{"href":"https:\/\/www.bepindeeto.it\/de\/wp-json\/wp\/v2\/media?parent=2150"}],"curies":[{"name":"wp","href":"https:\/\/api.w.org\/{rel}","templated":true}]}}