{"id":2144,"date":"2024-06-25T15:21:23","date_gmt":"2024-06-25T13:21:23","guid":{"rendered":"https:\/\/www.bepindeeto.it\/index.php\/stillweine\/montirosso-rotwein\/"},"modified":"2025-03-28T11:57:24","modified_gmt":"2025-03-28T10:57:24","slug":"montirosso-rotwein","status":"publish","type":"page","link":"https:\/\/www.bepindeeto.it\/de\/stillweine\/montirosso-rotwein\/","title":{"rendered":"Montirosso Rotwein"},"content":{"rendered":"<p>[et_pb_section fb_built=&#8220;1&#8243; _builder_version=&#8220;4.27.0&#8243; _module_preset=&#8220;default&#8220; background_enable_color=&#8220;off&#8220; background_image=&#8220;https:\/\/www.bepindeeto.it\/wp-content\/uploads\/2024\/06\/Bepin-De-Eto-cover-vini-fermi-montirosso-vino-rosso-jpg.avif&#8220; background_enable_video_mp4=&#8220;off&#8220; height=&#8220;100vh&#8220; height_tablet=&#8220;60vh&#8220; height_phone=&#8220;75vh&#8220; height_last_edited=&#8220;on|phone&#8220; custom_margin=&#8220;||||true|false&#8220; custom_padding=&#8220;||||true|false&#8220; locked=&#8220;off&#8220; collapsed=&#8220;off&#8220; global_colors_info=&#8220;{}&#8220;][\/et_pb_section][et_pb_section fb_built=&#8220;1&#8243; _builder_version=&#8220;4.25.0&#8243; _module_preset=&#8220;default&#8220; background_color=&#8220;#f7f7f7&#8243; custom_margin=&#8220;||||false|false&#8220; custom_padding=&#8220;0px||||false|false&#8220; global_colors_info=&#8220;{}&#8220;][et_pb_row _builder_version=&#8220;4.25.0&#8243; _module_preset=&#8220;default&#8220; locked=&#8220;off&#8220; collapsed=&#8220;off&#8220; global_colors_info=&#8220;{}&#8220;][et_pb_column type=&#8220;4_4&#8243; _builder_version=&#8220;4.25.0&#8243; _module_preset=&#8220;default&#8220; global_colors_info=&#8220;{}&#8220;][dmpro_breadcrumbs bc_custom_home=&#8220;on&#8220; bc_home_text=&#8220;Home&#8220; bc_home_icon=&#8220;off&#8220; bc_schema=&#8220;off&#8220; bc_separator_color=&#8220;#6d6d6d&#8220; bc_hover_item_bg_color=&#8220;RGBA(255,255,255,0)&#8220; _builder_version=&#8220;4.25.0&#8243; _module_preset=&#8220;default&#8220; items_text_color=&#8220;#6d6d6d&#8220; module_alignment=&#8220;center&#8220; items_text_color_tablet=&#8220;#6d6d6d&#8220; items_text_color_phone=&#8220;#6d6d6d&#8220; items_text_color_last_edited=&#8220;on|desktop&#8220; locked=&#8220;off&#8220; global_colors_info=&#8220;{}&#8220; items_text_color__hover_enabled=&#8220;off|hover&#8220; items_text_color__hover=&#8220;#EBC15B&#8220;][\/dmpro_breadcrumbs][et_pb_image src=&#8220;https:\/\/www.bepindeeto.it\/wp-content\/uploads\/2024\/06\/Bepin-De-Eto-stella-outline-nera-v.svg&#8220; alt=&#8220;Bepin De Eto stella outline nera-v&#8220; title_text=&#8220;Bepin De Eto stella outline nera-v&#8220; _builder_version=&#8220;4.25.0&#8243; _module_preset=&#8220;default&#8220; width=&#8220;4%&#8220; width_tablet=&#8220;7%&#8220; width_phone=&#8220;13%&#8220; width_last_edited=&#8220;on|phone&#8220; module_alignment=&#8220;center&#8220; locked=&#8220;off&#8220; global_colors_info=&#8220;{}&#8220;][\/et_pb_image][et_pb_text _builder_version=&#8220;4.25.0&#8243; _module_preset=&#8220;default&#8220; header_font=&#8220;|||on|||||&#8220; header_text_color=&#8220;#EBC15B&#8220; header_2_font=&#8220;Modern20BT|||on|||||&#8220; header_2_text_color=&#8220;#333333&#8243; header_2_font_size=&#8220;2.5em&#8220; text_orientation=&#8220;center&#8220; global_colors_info=&#8220;{}&#8220;]<\/p>\n<h2>montirosso<\/h2>\n<p>[\/et_pb_text][et_pb_text _builder_version=&#8220;4.25.0&#8243; _module_preset=&#8220;default&#8220; header_font=&#8220;FontinSans-Regular||||||||&#8220; header_text_align=&#8220;center&#8220; header_font_size=&#8220;1.2em&#8220; header_line_height=&#8220;1.2em&#8220; width=&#8220;60%&#8220; width_tablet=&#8220;60%&#8220; width_phone=&#8220;100%&#8220; width_last_edited=&#8220;on|phone&#8220; module_alignment=&#8220;center&#8220; global_colors_info=&#8220;{}&#8220;]<\/p>\n<h1>Montirosso<br \/>Rotwein<\/h1>\n<p>[\/et_pb_text][et_pb_image src=&#8220;https:\/\/www.bepindeeto.it\/wp-content\/uploads\/2024\/06\/Bepin-De-Eto-stella-outline-nera-v.svg&#8220; alt=&#8220;Bepin De Eto stella outline nera-v&#8220; title_text=&#8220;Bepin De Eto stella outline nera-v&#8220; _builder_version=&#8220;4.25.0&#8243; _module_preset=&#8220;default&#8220; width=&#8220;4%&#8220; width_tablet=&#8220;7%&#8220; width_phone=&#8220;13%&#8220; width_last_edited=&#8220;on|phone&#8220; module_alignment=&#8220;center&#8220; locked=&#8220;off&#8220; global_colors_info=&#8220;{}&#8220;][\/et_pb_image][et_pb_text _builder_version=&#8220;4.25.0&#8243; _module_preset=&#8220;default&#8220; header_3_text_align=&#8220;center&#8220; header_3_text_color=&#8220;#353535&#8243; width=&#8220;60%&#8220; width_tablet=&#8220;60%&#8220; width_phone=&#8220;100%&#8220; width_last_edited=&#8220;on|phone&#8220; module_alignment=&#8220;center&#8220; link_option_url=&#8220;https:\/\/www.instagram.com\/explore\/tags\/vinooperadifamiglia\/&#8220; link_option_url_new_window=&#8220;on&#8220; global_colors_info=&#8220;{}&#8220; header_3_text_color__hover_enabled=&#8220;on|hover&#8220; header_3_text_color__hover=&#8220;#EBC15B&#8220;]<\/p>\n<h3>#VinoOperaDiFamiglia<\/h3>\n<p>[\/et_pb_text][et_pb_text _builder_version=&#8220;4.27.2&#8243; _module_preset=&#8220;default&#8220; width=&#8220;60%&#8220; width_tablet=&#8220;60%&#8220; width_phone=&#8220;100%&#8220; width_last_edited=&#8220;on|phone&#8220; module_alignment=&#8220;center&#8220; locked=&#8220;off&#8220; global_colors_info=&#8220;{}&#8220;]<\/p>\n<h2>Rotwein von tiefer rubinroter Farbe mit violetten Reflexen. Das Aroma ist frisch und fruchtig, jung mit Noten von kleinen roten Fr\u00fcchten. Am Gaumen ist er weich, intensiv fruchtig und harmonisch mit einer Kohlens\u00e4urepr\u00e4senz, die ihn noch attraktiver macht. Der Abgang ist trocken. Es wird empfohlen, ihn in einem Weinballon bei einer Temperatur von 12-14 \u00b0C zu servieren.    <\/h2>\n<p>[\/et_pb_text][\/et_pb_column][\/et_pb_row][et_pb_row column_structure=&#8220;1_2,1_2&#8243; _builder_version=&#8220;4.25.0&#8243; _module_preset=&#8220;default&#8220; width=&#8220;35%&#8220; width_tablet=&#8220;100%&#8220; width_phone=&#8220;100%&#8220; width_last_edited=&#8220;on|phone&#8220; global_colors_info=&#8220;{}&#8220;][et_pb_column type=&#8220;1_2&#8243; _builder_version=&#8220;4.25.0&#8243; _module_preset=&#8220;default&#8220; global_colors_info=&#8220;{}&#8220;][et_pb_button button_url=&#8220;https:\/\/www.bepindeeto.it\/wp-content\/uploads\/2025\/03\/Bepin-De-Eto-scheda-tecnica-2025-DE-Montirosso-ESE-02.pdf&#8220; url_new_window=&#8220;on&#8220; button_text=&#8220;Technisches Datenblatt&#8220; _builder_version=&#8220;4.27.4&#8243; _module_preset=&#8220;default&#8220; button_text_color=&#8220;#FFFFFF&#8220; button_bg_color=&#8220;#333333&#8243; button_border_color=&#8220;#333333&#8243; button_icon_color=&#8220;#FFFFFF&#8220; transform_scale_linked=&#8220;off&#8220; global_colors_info=&#8220;{}&#8220;][\/et_pb_button][\/et_pb_column][et_pb_column type=&#8220;1_2&#8243; _builder_version=&#8220;4.25.0&#8243; _module_preset=&#8220;default&#8220; global_colors_info=&#8220;{}&#8220;][et_pb_button button_url=&#8220;@ET-DC@eyJkeW5hbWljIjp0cnVlLCJjb250ZW50IjoicG9zdF9saW5rX3VybF9hdHRhY2htZW50Iiwic2V0dGluZ3MiOnsicG9zdF9pZCI6IjI4OTUifX0=@&#8220; url_new_window=&#8220;on&#8220; button_text=&#8220;Weinetikett&#8220; _builder_version=&#8220;4.27.4&#8243; _dynamic_attributes=&#8220;button_url&#8220; _module_preset=&#8220;default&#8220; button_text_color=&#8220;#FFFFFF&#8220; button_bg_color=&#8220;#333333&#8243; button_border_color=&#8220;#333333&#8243; button_icon_color=&#8220;#FFFFFF&#8220; custom_padding=&#8220;||||true|true&#8220; global_colors_info=&#8220;{}&#8220;][\/et_pb_button][\/et_pb_column][\/et_pb_row][\/et_pb_section][et_pb_section fb_built=&#8220;1&#8243; admin_label=&#8220;docg e classici&#8220; _builder_version=&#8220;4.25.0&#8243; _module_preset=&#8220;default&#8220; background_color=&#8220;RGBA(255,255,255,0)&#8220; custom_padding=&#8220;||0px||false|false&#8220; locked=&#8220;off&#8220; global_colors_info=&#8220;{}&#8220;][et_pb_row _builder_version=&#8220;4.25.0&#8243; _module_preset=&#8220;default&#8220; global_colors_info=&#8220;{}&#8220;][et_pb_column type=&#8220;4_4&#8243; _builder_version=&#8220;4.25.0&#8243; _module_preset=&#8220;default&#8220; global_colors_info=&#8220;{}&#8220;][et_pb_image src=&#8220;https:\/\/www.bepindeeto.it\/wp-content\/uploads\/2024\/06\/Bepin-De-Eto-stella-outline-nera-v.svg&#8220; alt=&#8220;Bepin De Eto stella outline nera-v&#8220; title_text=&#8220;Bepin De Eto stella outline nera-v&#8220; _builder_version=&#8220;4.25.0&#8243; _module_preset=&#8220;default&#8220; width=&#8220;4%&#8220; width_tablet=&#8220;7%&#8220; width_phone=&#8220;13%&#8220; width_last_edited=&#8220;on|phone&#8220; module_alignment=&#8220;center&#8220; locked=&#8220;off&#8220; global_colors_info=&#8220;{}&#8220;][\/et_pb_image][et_pb_text _builder_version=&#8220;4.25.0&#8243; _module_preset=&#8220;default&#8220; header_2_font=&#8220;Modern20BT|||on|||||&#8220; header_2_font_size=&#8220;30px&#8220; text_orientation=&#8220;center&#8220; global_colors_info=&#8220;{}&#8220;]<\/p>\n<h2>Die docg und die klassischen<\/h2>\n<p>[\/et_pb_text][dmpro_carousel columns=&#8220;3&#8243; loop=&#8220;on&#8220; navigation=&#8220;on&#8220; navigation_prev_icon_yn=&#8220;on&#8220; navigation_prev_icon=&#8220;&#x34;||divi||400&#8243; navigation_next_icon_yn=&#8220;on&#8220; navigation_next_icon=&#8220;&#x35;||divi||400&#8243; navigation_size=&#8220;60&#8243; navigation_color=&#8220;#353535&#8243; columns_tablet=&#8220;3&#8243; columns_phone=&#8220;1&#8243; columns_last_edited=&#8220;on|tablet&#8220; navigation_position_left_tablet=&#8220;&#8220; navigation_position_left_phone=&#8220;-7px&#8220; navigation_position_left_last_edited=&#8220;on|phone&#8220; navigation_position_right_tablet=&#8220;&#8220; navigation_position_right_phone=&#8220;0px&#8220; navigation_position_right_last_edited=&#8220;on|phone&#8220; _builder_version=&#8220;4.27.4&#8243; _module_preset=&#8220;default&#8220; desc_font=&#8220;FontinSans-Regular||||||||&#8220; background_enable_image=&#8220;off&#8220; hover_enabled=&#8220;0&#8243; locked=&#8220;off&#8220; global_colors_info=&#8220;{}&#8220; sticky_enabled=&#8220;0&#8243;][dmpro_carousel_child title=&#8220;Verdiso&#8220; img_src=&#8220;https:\/\/www.bepindeeto.it\/wp-content\/uploads\/2024\/06\/Bepin-De-Eto-Colli-Trevigiani-IGP-Verdiso-h1000.png&#8220; img_alt=&#8220;Bepin De Eto Verdiso Colli Trevigiani IGT&#8220; text_title=&#8220;Verdiso&#8220; desc_text=&#8220;<\/p>\n<p>Colli Trevigiani IGT<\/p>\n<p>&#8220; show_button=&#8220;on&#8220; carousel_button_text=&#8220;SCOPRI&#8220; img_width=&#8220;75%&#8220; img_width_tablet=&#8220;100%&#8220; img_width_phone=&#8220;80%&#8220; img_width_last_edited=&#8220;on|phone&#8220; _builder_version=&#8220;4.27.4&#8243; _dynamic_attributes=&#8220;link_option_url&#8220; _module_preset=&#8220;default&#8220; title_font_size=&#8220;1.4em&#8220; title_line_height=&#8220;1.2em&#8220; custom_carousel_button=&#8220;on&#8220; carousel_button_text_size=&#8220;1.2em&#8220; carousel_button_text_color=&#8220;#FFFFFF&#8220; carousel_button_bg_color=&#8220;#353535&#8243; carousel_button_border_width=&#8220;1px&#8220; carousel_button_border_color=&#8220;#353535&#8243; carousel_button_border_radius=&#8220;10px&#8220; carousel_button_letter_spacing=&#8220;1px&#8220; carousel_button_use_icon=&#8220;on&#8220; carousel_button_icon=&#8220;&#x35;||divi||400&#8243; carousel_button_on_hover=&#8220;on&#8220; link_option_url=&#8220;@ET-DC@eyJkeW5hbWljIjp0cnVlLCJjb250ZW50IjoicG9zdF9saW5rX3VybF9wYWdlIiwic2V0dGluZ3MiOnsicG9zdF9pZCI6Ijg2MCJ9fQ==@&#8220; hover_enabled=&#8220;0&#8243; global_colors_info=&#8220;{}&#8220; button_link=&#8220;https:\/\/www.bepindeeto.it\/vini-fermi\/verdiso-colli-trevigiani-igt\/&#8220; sticky_enabled=&#8220;0&#8243;][\/dmpro_carousel_child][dmpro_carousel_child title=&#8220;Cabernet&#8220; img_src=&#8220;https:\/\/www.bepindeeto.it\/wp-content\/uploads\/2024\/06\/Bepin-De-Eto-Colli-Trevigiani-IGP-Cabernet-h1000.png&#8220; img_alt=&#8220;Bepin De Eto Cabernet Colli Trevigiani IGT&#8220; text_title=&#8220;Cabernet&#8220; desc_text=&#8220;<\/p>\n<p>Colli Trevigiani IGT<\/p>\n<p>&#8220; show_button=&#8220;on&#8220; carousel_button_text=&#8220;SCOPRI&#8220; img_width=&#8220;75%&#8220; img_width_tablet=&#8220;100%&#8220; img_width_phone=&#8220;80%&#8220; img_width_last_edited=&#8220;on|phone&#8220; _builder_version=&#8220;4.27.4&#8243; _dynamic_attributes=&#8220;link_option_url&#8220; _module_preset=&#8220;default&#8220; title_font_size=&#8220;1.4em&#8220; title_line_height=&#8220;1.2em&#8220; custom_carousel_button=&#8220;on&#8220; carousel_button_text_size=&#8220;1.2em&#8220; carousel_button_text_color=&#8220;#FFFFFF&#8220; carousel_button_bg_color=&#8220;#353535&#8243; carousel_button_border_width=&#8220;1px&#8220; carousel_button_border_color=&#8220;#353535&#8243; carousel_button_border_radius=&#8220;10px&#8220; carousel_button_letter_spacing=&#8220;1px&#8220; carousel_button_use_icon=&#8220;on&#8220; carousel_button_icon=&#8220;&#x35;||divi||400&#8243; carousel_button_on_hover=&#8220;on&#8220; link_option_url=&#8220;@ET-DC@eyJkeW5hbWljIjp0cnVlLCJjb250ZW50IjoicG9zdF9saW5rX3VybF9wYWdlIiwic2V0dGluZ3MiOnsicG9zdF9pZCI6Ijg2MCJ9fQ==@&#8220; hover_enabled=&#8220;0&#8243; global_colors_info=&#8220;{}&#8220; button_link=&#8220;https:\/\/www.bepindeeto.it\/vini-fermi\/cabernet-colli-trevigiani-igt\/&#8220; sticky_enabled=&#8220;0&#8243;][\/dmpro_carousel_child][dmpro_carousel_child title=&#8220;Prosecco Tranquillo&#8220; img_src=&#8220;https:\/\/www.bepindeeto.it\/wp-content\/uploads\/2024\/06\/Bepin-De-Eto-Treviso-DOC-Prosecco-Tranquillo-h1000.png&#8220; img_alt=&#8220;Bepin De Eto Prosecco Tranquillo Treviso DOC&#8220; text_title=&#8220;Prosecco Tranquillo&#8220; desc_text=&#8220;<\/p>\n<p>Treviso DOC<\/p>\n<p>&#8220; show_button=&#8220;on&#8220; carousel_button_text=&#8220;SCOPRI&#8220; img_width=&#8220;75%&#8220; img_width_tablet=&#8220;100%&#8220; img_width_phone=&#8220;80%&#8220; img_width_last_edited=&#8220;on|phone&#8220; _builder_version=&#8220;4.27.4&#8243; _dynamic_attributes=&#8220;link_option_url&#8220; _module_preset=&#8220;default&#8220; title_font_size=&#8220;1.4em&#8220; title_line_height=&#8220;1.2em&#8220; custom_carousel_button=&#8220;on&#8220; carousel_button_text_size=&#8220;1.2em&#8220; carousel_button_text_color=&#8220;#FFFFFF&#8220; carousel_button_bg_color=&#8220;#353535&#8243; carousel_button_border_width=&#8220;1px&#8220; carousel_button_border_color=&#8220;#353535&#8243; carousel_button_border_radius=&#8220;10px&#8220; carousel_button_letter_spacing=&#8220;1px&#8220; carousel_button_use_icon=&#8220;on&#8220; carousel_button_icon=&#8220;&#x35;||divi||400&#8243; carousel_button_on_hover=&#8220;on&#8220; link_option_url=&#8220;@ET-DC@eyJkeW5hbWljIjp0cnVlLCJjb250ZW50IjoicG9zdF9saW5rX3VybF9wYWdlIiwic2V0dGluZ3MiOnsicG9zdF9pZCI6Ijg2MCJ9fQ==@&#8220; hover_enabled=&#8220;0&#8243; global_colors_info=&#8220;{}&#8220; button_link=&#8220;https:\/\/www.bepindeeto.it\/vini-fermi\/prosecco-tranquillo-treviso-doc\/&#8220; sticky_enabled=&#8220;0&#8243;][\/dmpro_carousel_child][\/dmpro_carousel][\/et_pb_column][\/et_pb_row][\/et_pb_section]<\/p>\n","protected":false},"excerpt":{"rendered":"<p><div class=\"et_pb_module dmpro_breadcrumbs dmpro_breadcrumbs_0\">\n\t\t\t\t\n\t\t\t\t\n\t\t\t\t\n\t\t\t\t\n\t\t\t\t\n\t\t\t\t\n\t\t\t\t<div class=\"et_pb_module_inner\">\n\t\t\t\t\t<div class=\"dmpro-breadcrumbs\">\n                <ul >\n                    \t\n                    <li  class=\"dmpro-breadcrumb-item dmpro-breadcrumb-home\">\n                                    <a  href=\"\">\n                        <span  >\n                                                        Home                        <\/span>\n                    <\/a>\n                                            <\/li>\n\t\t\t\n            \n            <li class=\"dmpro-breadcrumb-separator\"><span class=\"et-pb-icon dmpro-separator-icon\">$<\/span><\/li>\t\t\t\n            \n                <\/ul>\n            <\/div>\n\t\t\t\t<\/div>\n\t\t\t<\/div>montirossoMontirossoRotwein#VinoOperaDiFamigliaRotwein von tiefer rubinroter Farbe mit violetten Reflexen. Das Aroma ist frisch und fruchtig, jung mit Noten von kleinen roten Fr\u00fcchten. Am Gaumen ist er weich, intensiv fruchtig und harmonisch mit einer Kohlens\u00e4urepr\u00e4senz, die ihn noch attraktiver macht.\u2026 <a href=\"https:\/\/www.bepindeeto.it\/de\/stillweine\/montirosso-rotwein\/\">Read More &raquo;<\/a><\/p>\n","protected":false},"author":1,"featured_media":0,"parent":2038,"menu_order":0,"comment_status":"closed","ping_status":"closed","template":"","meta":{"_et_pb_use_builder":"on","_et_pb_old_content":"","_et_gb_content_width":"","footnotes":""},"class_list":["post-2144","page","type-page","status-publish","hentry"],"yoast_head":"<!-- This site is optimized with the Yoast SEO plugin v27.2 - https:\/\/yoast.com\/product\/yoast-seo-wordpress\/ -->\n<title>Montirosso Rotwein - bepindeeto.it<\/title>\n<meta name=\"robots\" content=\"index, follow, max-snippet:-1, max-image-preview:large, max-video-preview:-1\" \/>\n<link rel=\"canonical\" href=\"https:\/\/www.bepindeeto.it\/de\/stillweine\/montirosso-rotwein\/\" \/>\n<meta property=\"og:locale\" content=\"de_DE\" \/>\n<meta property=\"og:type\" content=\"article\" \/>\n<meta property=\"og:title\" content=\"Montirosso Rotwein - bepindeeto.it\" \/>\n<meta property=\"og:description\" content=\"montirossoMontirossoRotwein#VinoOperaDiFamigliaRotwein von tiefer rubinroter Farbe mit violetten Reflexen. Das Aroma ist frisch und fruchtig, jung mit Noten von kleinen roten Fr\u00fcchten. Am Gaumen ist er weich, intensiv fruchtig und harmonisch mit einer Kohlens\u00e4urepr\u00e4senz, die ihn noch attraktiver macht.\u2026 Read More &raquo;\" \/>\n<meta property=\"og:url\" content=\"https:\/\/www.bepindeeto.it\/de\/stillweine\/montirosso-rotwein\/\" \/>\n<meta property=\"og:site_name\" content=\"bepindeeto.it\" \/>\n<meta property=\"article:publisher\" content=\"https:\/\/www.facebook.com\/cantinabepindeeto\" \/>\n<meta property=\"article:modified_time\" content=\"2025-03-28T10:57:24+00:00\" \/>\n<meta name=\"twitter:card\" content=\"summary_large_image\" \/>\n<meta name=\"twitter:label1\" content=\"Gesch\u00e4tzte Lesezeit\" \/>\n\t<meta name=\"twitter:data1\" content=\"7\u00a0Minuten\" \/>\n<script type=\"application\/ld+json\" class=\"yoast-schema-graph\">{\"@context\":\"https:\/\/schema.org\",\"@graph\":[{\"@type\":\"WebPage\",\"@id\":\"https:\/\/www.bepindeeto.it\/de\/stillweine\/montirosso-rotwein\/\",\"url\":\"https:\/\/www.bepindeeto.it\/de\/stillweine\/montirosso-rotwein\/\",\"name\":\"Montirosso Rotwein - bepindeeto.it\",\"isPartOf\":{\"@id\":\"https:\/\/www.bepindeeto.it\/#website\"},\"datePublished\":\"2024-06-25T13:21:23+00:00\",\"dateModified\":\"2025-03-28T10:57:24+00:00\",\"breadcrumb\":{\"@id\":\"https:\/\/www.bepindeeto.it\/de\/stillweine\/montirosso-rotwein\/#breadcrumb\"},\"inLanguage\":\"de\",\"potentialAction\":[{\"@type\":\"ReadAction\",\"target\":[\"https:\/\/www.bepindeeto.it\/de\/stillweine\/montirosso-rotwein\/\"]}]},{\"@type\":\"BreadcrumbList\",\"@id\":\"https:\/\/www.bepindeeto.it\/de\/stillweine\/montirosso-rotwein\/#breadcrumb\",\"itemListElement\":[{\"@type\":\"ListItem\",\"position\":1,\"name\":\"Home\",\"item\":\"https:\/\/www.bepindeeto.it\/de\/startseite\/\"},{\"@type\":\"ListItem\",\"position\":2,\"name\":\"Stillweine\",\"item\":\"https:\/\/www.bepindeeto.it\/de\/stillweine\/\"},{\"@type\":\"ListItem\",\"position\":3,\"name\":\"Montirosso Rotwein\"}]},{\"@type\":\"WebSite\",\"@id\":\"https:\/\/www.bepindeeto.it\/#website\",\"url\":\"https:\/\/www.bepindeeto.it\/\",\"name\":\"bepindeeto.it\",\"description\":\"Vino. Opera di Famiglia. Dal 1965.\",\"publisher\":{\"@id\":\"https:\/\/www.bepindeeto.it\/#organization\"},\"potentialAction\":[{\"@type\":\"SearchAction\",\"target\":{\"@type\":\"EntryPoint\",\"urlTemplate\":\"https:\/\/www.bepindeeto.it\/?s={search_term_string}\"},\"query-input\":{\"@type\":\"PropertyValueSpecification\",\"valueRequired\":true,\"valueName\":\"search_term_string\"}}],\"inLanguage\":\"de\"},{\"@type\":\"Organization\",\"@id\":\"https:\/\/www.bepindeeto.it\/#organization\",\"name\":\"bepindeeto.it\",\"url\":\"https:\/\/www.bepindeeto.it\/\",\"logo\":{\"@type\":\"ImageObject\",\"inLanguage\":\"de\",\"@id\":\"https:\/\/www.bepindeeto.it\/#\/schema\/logo\/image\/\",\"url\":\"https:\/\/www.bepindeeto.it\/wp-content\/uploads\/2024\/05\/Bepin-De-Eto-Logo-v-3.svg\",\"contentUrl\":\"https:\/\/www.bepindeeto.it\/wp-content\/uploads\/2024\/05\/Bepin-De-Eto-Logo-v-3.svg\",\"width\":175,\"height\":204,\"caption\":\"bepindeeto.it\"},\"image\":{\"@id\":\"https:\/\/www.bepindeeto.it\/#\/schema\/logo\/image\/\"},\"sameAs\":[\"https:\/\/www.facebook.com\/cantinabepindeeto\",\"https:\/\/www.instagram.com\/bepin_de_eto\/\"]}]}<\/script>\n<!-- \/ Yoast SEO plugin. -->","yoast_head_json":{"title":"Montirosso Rotwein - bepindeeto.it","robots":{"index":"index","follow":"follow","max-snippet":"max-snippet:-1","max-image-preview":"max-image-preview:large","max-video-preview":"max-video-preview:-1"},"canonical":"https:\/\/www.bepindeeto.it\/de\/stillweine\/montirosso-rotwein\/","og_locale":"de_DE","og_type":"article","og_title":"Montirosso Rotwein - bepindeeto.it","og_description":"montirossoMontirossoRotwein#VinoOperaDiFamigliaRotwein von tiefer rubinroter Farbe mit violetten Reflexen. Das Aroma ist frisch und fruchtig, jung mit Noten von kleinen roten Fr\u00fcchten. Am Gaumen ist er weich, intensiv fruchtig und harmonisch mit einer Kohlens\u00e4urepr\u00e4senz, die ihn noch attraktiver macht.\u2026 Read More &raquo;","og_url":"https:\/\/www.bepindeeto.it\/de\/stillweine\/montirosso-rotwein\/","og_site_name":"bepindeeto.it","article_publisher":"https:\/\/www.facebook.com\/cantinabepindeeto","article_modified_time":"2025-03-28T10:57:24+00:00","twitter_card":"summary_large_image","twitter_misc":{"Gesch\u00e4tzte Lesezeit":"7\u00a0Minuten"},"schema":{"@context":"https:\/\/schema.org","@graph":[{"@type":"WebPage","@id":"https:\/\/www.bepindeeto.it\/de\/stillweine\/montirosso-rotwein\/","url":"https:\/\/www.bepindeeto.it\/de\/stillweine\/montirosso-rotwein\/","name":"Montirosso Rotwein - bepindeeto.it","isPartOf":{"@id":"https:\/\/www.bepindeeto.it\/#website"},"datePublished":"2024-06-25T13:21:23+00:00","dateModified":"2025-03-28T10:57:24+00:00","breadcrumb":{"@id":"https:\/\/www.bepindeeto.it\/de\/stillweine\/montirosso-rotwein\/#breadcrumb"},"inLanguage":"de","potentialAction":[{"@type":"ReadAction","target":["https:\/\/www.bepindeeto.it\/de\/stillweine\/montirosso-rotwein\/"]}]},{"@type":"BreadcrumbList","@id":"https:\/\/www.bepindeeto.it\/de\/stillweine\/montirosso-rotwein\/#breadcrumb","itemListElement":[{"@type":"ListItem","position":1,"name":"Home","item":"https:\/\/www.bepindeeto.it\/de\/startseite\/"},{"@type":"ListItem","position":2,"name":"Stillweine","item":"https:\/\/www.bepindeeto.it\/de\/stillweine\/"},{"@type":"ListItem","position":3,"name":"Montirosso Rotwein"}]},{"@type":"WebSite","@id":"https:\/\/www.bepindeeto.it\/#website","url":"https:\/\/www.bepindeeto.it\/","name":"bepindeeto.it","description":"Vino. Opera di Famiglia. Dal 1965.","publisher":{"@id":"https:\/\/www.bepindeeto.it\/#organization"},"potentialAction":[{"@type":"SearchAction","target":{"@type":"EntryPoint","urlTemplate":"https:\/\/www.bepindeeto.it\/?s={search_term_string}"},"query-input":{"@type":"PropertyValueSpecification","valueRequired":true,"valueName":"search_term_string"}}],"inLanguage":"de"},{"@type":"Organization","@id":"https:\/\/www.bepindeeto.it\/#organization","name":"bepindeeto.it","url":"https:\/\/www.bepindeeto.it\/","logo":{"@type":"ImageObject","inLanguage":"de","@id":"https:\/\/www.bepindeeto.it\/#\/schema\/logo\/image\/","url":"https:\/\/www.bepindeeto.it\/wp-content\/uploads\/2024\/05\/Bepin-De-Eto-Logo-v-3.svg","contentUrl":"https:\/\/www.bepindeeto.it\/wp-content\/uploads\/2024\/05\/Bepin-De-Eto-Logo-v-3.svg","width":175,"height":204,"caption":"bepindeeto.it"},"image":{"@id":"https:\/\/www.bepindeeto.it\/#\/schema\/logo\/image\/"},"sameAs":["https:\/\/www.facebook.com\/cantinabepindeeto","https:\/\/www.instagram.com\/bepin_de_eto\/"]}]}},"_links":{"self":[{"href":"https:\/\/www.bepindeeto.it\/de\/wp-json\/wp\/v2\/pages\/2144","targetHints":{"allow":["GET"]}}],"collection":[{"href":"https:\/\/www.bepindeeto.it\/de\/wp-json\/wp\/v2\/pages"}],"about":[{"href":"https:\/\/www.bepindeeto.it\/de\/wp-json\/wp\/v2\/types\/page"}],"author":[{"embeddable":true,"href":"https:\/\/www.bepindeeto.it\/de\/wp-json\/wp\/v2\/users\/1"}],"replies":[{"embeddable":true,"href":"https:\/\/www.bepindeeto.it\/de\/wp-json\/wp\/v2\/comments?post=2144"}],"version-history":[{"count":0,"href":"https:\/\/www.bepindeeto.it\/de\/wp-json\/wp\/v2\/pages\/2144\/revisions"}],"up":[{"embeddable":true,"href":"https:\/\/www.bepindeeto.it\/de\/wp-json\/wp\/v2\/pages\/2038"}],"wp:attachment":[{"href":"https:\/\/www.bepindeeto.it\/de\/wp-json\/wp\/v2\/media?parent=2144"}],"curies":[{"name":"wp","href":"https:\/\/api.w.org\/{rel}","templated":true}]}}